{"id":229892,"date":"2020-02-21T13:18:38","date_gmt":"2020-02-21T13:18:38","guid":{"rendered":"https:\/\/networkconcepts.de\/?page_id=229892"},"modified":"2020-02-23T17:09:13","modified_gmt":"2020-02-23T17:09:13","slug":"fuer-endkunden","status":"publish","type":"page","link":"https:\/\/networkconcepts.de\/?page_id=229892","title":{"rendered":"f\u00fcr Endkunden"},"content":{"rendered":"<p>[et_pb_section fb_built=&#8221;1&#8243; _builder_version=&#8221;4.3.2&#8243; use_background_color_gradient=&#8221;on&#8221; background_color_gradient_start=&#8221;#6b6b6b&#8221; background_color_gradient_end=&#8221;#ffffff&#8221; background_color_gradient_direction=&#8221;270deg&#8221; background_color_gradient_end_position=&#8221;51%&#8221; custom_padding=&#8221;||125px|||&#8221;][et_pb_row column_structure=&#8221;3_5,2_5&#8243; _builder_version=&#8221;4.3.2&#8243;][et_pb_column type=&#8221;3_5&#8243; _builder_version=&#8221;4.3.2&#8243;][et_pb_text _builder_version=&#8221;4.3.2&#8243; hover_enabled=&#8221;0&#8243;]<\/p>\n<div class=\"et_pb_column et_pb_column_4_4 et_pb_column_0  et_pb_css_mix_blend_mode_passthrough et-last-child\">\n<div class=\"et_pb_module et_pb_text et_pb_text_0  et_pb_text_align_left et_pb_bg_layout_light\">\n<div class=\"et_pb_text_inner\">\n<h2>Service f\u00fcr Endkunden\/Bauherren<\/h2>\n<div class=\"et_pb_toggle_content clearfix\" style=\"display: block;\">\n<p class=\"bodytext\"><b>Wann wir die Richtigen f\u00fcr Sie sind:<\/b><\/p>\n<ul wfd-id=\"26\">\n<li wfd-id=\"30\">Sie m\u00f6chten ein energieeffizientes und zukunftsorientiertes Haus bauen oder sanieren<\/li>\n<li wfd-id=\"29\">Sie haben eine EIB\/KNX Installation aber keine Dokumentation und wollen etwas \u00e4ndern oder erweitern<\/li>\n<li wfd-id=\"28\">Sie wollen eine 3D Visualisierung von ihrem Haus mit allen Steuerfunktionen erstellt haben<\/li>\n<li wfd-id=\"27\">Sie arbeiten mit einem bestimmten Elektroinstallateur zusammen der aber leider kein EIB\/KNX Betrieb ist<\/li>\n<\/ul>\n<p class=\"bodytext\"><b>Unser Service f\u00fcr Sie:<\/b><\/p>\n<ul wfd-id=\"22\">\n<li wfd-id=\"25\">Wir unterst\u00fctzen Sie bei der Planung und Kostensch\u00e4tzung f\u00fcr ihr \u201eHaus der Zukunft\u201c<\/li>\n<li wfd-id=\"24\">Wir lesen vorhandene Projekte aus, erstelle Dokumentationen und h\u00e4ndigen selbstverst\u00e4ndlich alle Daten digital aus.<\/li>\n<li wfd-id=\"23\">Wir arbeiten mit jedem Planer, Architekten oder Elektroinstallateur zusammen und erm\u00f6gliche somit jedermann die vollen Vorteile einer EIB\/KNX Installation zu nutzen ohne vertraute Gesch\u00e4ftspartner aufzugeben.<\/li>\n<\/ul>\n<\/div>\n<\/div>\n<\/div>\n<\/div>\n<p>[\/et_pb_text][\/et_pb_column][et_pb_column type=&#8221;2_5&#8243; _builder_version=&#8221;4.3.2&#8243;][\/et_pb_column][\/et_pb_row][\/et_pb_section]<\/p>\n","protected":false},"excerpt":{"rendered":"<p>[et_pb_section fb_built=&#8221;1&#8243; _builder_version=&#8221;4.3.2&#8243; use_background_color_gradient=&#8221;on&#8221; background_color_gradient_start=&#8221;#6b6b6b&#8221; background_color_gradient_end=&#8221;#ffffff&#8221; background_color_gradient_direction=&#8221;270deg&#8221; background_color_gradient_end_position=&#8221;51%&#8221; custom_padding=&#8221;||125px|||&#8221;][et_pb_row column_structure=&#8221;3_5,2_5&#8243; _builder_version=&#8221;4.3.2&#8243;][et_pb_column type=&#8221;3_5&#8243; _builder_version=&#8221;4.3.2&#8243;][et_pb_text _builder_version=&#8221;4.3.2&#8243; hover_enabled=&#8221;0&#8243;] Service f\u00fcr Endkunden\/Bauherren Wann wir die Richtigen f\u00fcr Sie sind: Sie m\u00f6chten ein energieeffizientes und zukunftsorientiertes Haus bauen oder sanieren Sie haben eine EIB\/KNX Installation aber keine Dokumentation und wollen etwas \u00e4ndern oder erweitern Sie wollen eine 3D Visualisierung von [&hellip;]<\/p>\n","protected":false},"author":1,"featured_media":0,"parent":0,"menu_order":0,"comment_status":"closed","ping_status":"closed","template":"","meta":{"_et_pb_use_builder":"on","_et_pb_old_content":"","_et_gb_content_width":""},"_links":{"self":[{"href":"https:\/\/networkconcepts.de\/index.php?rest_route=\/wp\/v2\/pages\/229892"}],"collection":[{"href":"https:\/\/networkconcepts.de\/index.php?rest_route=\/wp\/v2\/pages"}],"about":[{"href":"https:\/\/networkconcepts.de\/index.php?rest_route=\/wp\/v2\/types\/page"}],"author":[{"embeddable":true,"href":"https:\/\/networkconcepts.de\/index.php?rest_route=\/wp\/v2\/users\/1"}],"replies":[{"embeddable":true,"href":"https:\/\/networkconcepts.de\/index.php?rest_route=%2Fwp%2Fv2%2Fcomments&post=229892"}],"version-history":[{"count":5,"href":"https:\/\/networkconcepts.de\/index.php?rest_route=\/wp\/v2\/pages\/229892\/revisions"}],"predecessor-version":[{"id":229994,"href":"https:\/\/networkconcepts.de\/index.php?rest_route=\/wp\/v2\/pages\/229892\/revisions\/229994"}],"wp:attachment":[{"href":"https:\/\/networkconcepts.de\/index.php?rest_route=%2Fwp%2Fv2%2Fmedia&parent=229892"}],"curies":[{"name":"wp","href":"https:\/\/api.w.org\/{rel}","templated":true}]}}