{"id":229888,"date":"2020-02-21T13:16:26","date_gmt":"2020-02-21T13:16:26","guid":{"rendered":"https:\/\/networkconcepts.de\/?page_id=229888"},"modified":"2020-02-23T17:12:30","modified_gmt":"2020-02-23T17:12:30","slug":"fuer-elektrofirmen","status":"publish","type":"page","link":"https:\/\/networkconcepts.de\/?page_id=229888","title":{"rendered":"f\u00fcr Elektrofirmen"},"content":{"rendered":"<p>[et_pb_section fb_built=&#8221;1&#8243; _builder_version=&#8221;4.3.2&#8243; use_background_color_gradient=&#8221;on&#8221; background_color_gradient_start=&#8221;#6b6b6b&#8221; background_color_gradient_end=&#8221;#ffffff&#8221; background_color_gradient_direction=&#8221;270deg&#8221; background_color_gradient_end_position=&#8221;51%&#8221;][et_pb_row _builder_version=&#8221;4.3.2&#8243;][et_pb_column type=&#8221;4_4&#8243; _builder_version=&#8221;4.3.2&#8243;][et_pb_text _builder_version=&#8221;4.3.2&#8243; hover_enabled=&#8221;0&#8243;]<\/p>\n<div class=\"et_pb_column et_pb_column_4_4 et_pb_column_0  et_pb_css_mix_blend_mode_passthrough et-last-child\">\n<div class=\"et_pb_module et_pb_text et_pb_text_0  et_pb_text_align_left et_pb_bg_layout_light\">\n<div class=\"et_pb_text_inner\">\n<h2>Service f\u00fcr Elektrofirmen<\/h2>\n<div class=\"et_pb_toggle_content clearfix\" style=\"display: block;\">\n<p><b>Wann wir die Richtigen f\u00fcr Sie sind:<\/b><\/p>\n<ul>\n<li>Einer ihrer Kunden spricht Sie auf EIB an und sie scheuen die Kosten f\u00fcr Notebook, Seminare und die Software.<\/li>\n<li>Sie haben Kunden mit EIB-Anlagen die erweitert werden sollen und ihnen fehlt das \u201eKnow-How\u201c<\/li>\n<li>Sie sind Elektroinstallationsbetrieb, m\u00f6chten aber auf das Gesch\u00e4ft mit dem EIB nicht verzichten ohne ein zu breites Leistungsspektrum abdecken zu m\u00fcssen.<\/li>\n<li>Sie arbeiten bereits mit dem EIB und suchen einen zuverl\u00e4ssigen Partner f\u00fcr ein Gro\u00dfprojekt oder eine Visualisierung.<\/li>\n<li>Sie suchen Unterst\u00fctzung bei der Fehlersuche oder bei der Inbetriebnahme \u201ekomplexer\u201c Komponenten.<\/li>\n<\/ul>\n<p>&nbsp;<\/p>\n<p><strong>Unser Service f\u00fcr Sie:<\/strong><\/p>\n<ul>\n<li>Vom ersten Beratungsgespr\u00e4ch an k\u00f6nnen wir an ihrer Seite stehen und ihrem Kunden seinen pers\u00f6nlichen Nutzen und die Vorteile des EIB nahe bringen.<\/li>\n<li>Ausschreibungen und Projektierungen geh\u00f6ren zu unserem Gesch\u00e4ft, wie die Programmierung und Inbetriebnahme ihrer EIB Anlage.<\/li>\n<li>F\u00fcr einen reibungslosen Ablauf in der Bauphase stehen wir\u00a0 zur Einweisung in die EIB-Installation nat\u00fcrlich f\u00fcr Sie und ihre Mitarbeiter zur Verf\u00fcgung.<\/li>\n<li>Wir erstellen Installationspl\u00e4ne, Kabellisten und Verdrahtungspl\u00e4ne um ihnen einen absolut reibungsfreien Ablauf bei der Durchf\u00fchrung ihrer EIB-Projekte sicher zu stellen.<\/li>\n<li>Selbstverst\u00e4ndlich erhalten Sie f\u00fcr ihren Kunden eine Daten-CD mit allen Projektspezifischen Daten, sowie eine gebundene Projektdokumentation in Papierform bei Fertigstellung des Projektes.<\/li>\n<li>Die Erstellung eines Pflichtenheftes sowie ein Angebot \u00fcber unser komplettes Leistungsspektrum sind selbstverst\u00e4ndlich.<\/li>\n<li>Auslesen und Reproduzieren von \u201everlorenen\u201c EIB-Programmierungen<\/li>\n<\/ul>\n<\/div>\n<\/div>\n<\/div>\n<\/div>\n<p>[\/et_pb_text][\/et_pb_column][\/et_pb_row][\/et_pb_section]<\/p>\n","protected":false},"excerpt":{"rendered":"<p>[et_pb_section fb_built=&#8221;1&#8243; _builder_version=&#8221;4.3.2&#8243; use_background_color_gradient=&#8221;on&#8221; background_color_gradient_start=&#8221;#6b6b6b&#8221; background_color_gradient_end=&#8221;#ffffff&#8221; background_color_gradient_direction=&#8221;270deg&#8221; background_color_gradient_end_position=&#8221;51%&#8221;][et_pb_row _builder_version=&#8221;4.3.2&#8243;][et_pb_column type=&#8221;4_4&#8243; _builder_version=&#8221;4.3.2&#8243;][et_pb_text _builder_version=&#8221;4.3.2&#8243; hover_enabled=&#8221;0&#8243;] Service f\u00fcr Elektrofirmen Wann wir die Richtigen f\u00fcr Sie sind: Einer ihrer Kunden spricht Sie auf EIB an und sie scheuen die Kosten f\u00fcr Notebook, Seminare und die Software. Sie haben Kunden mit EIB-Anlagen die erweitert werden sollen und ihnen fehlt das [&hellip;]<\/p>\n","protected":false},"author":1,"featured_media":0,"parent":0,"menu_order":0,"comment_status":"closed","ping_status":"closed","template":"","meta":{"_et_pb_use_builder":"on","_et_pb_old_content":"","_et_gb_content_width":""},"_links":{"self":[{"href":"https:\/\/networkconcepts.de\/index.php?rest_route=\/wp\/v2\/pages\/229888"}],"collection":[{"href":"https:\/\/networkconcepts.de\/index.php?rest_route=\/wp\/v2\/pages"}],"about":[{"href":"https:\/\/networkconcepts.de\/index.php?rest_route=\/wp\/v2\/types\/page"}],"author":[{"embeddable":true,"href":"https:\/\/networkconcepts.de\/index.php?rest_route=\/wp\/v2\/users\/1"}],"replies":[{"embeddable":true,"href":"https:\/\/networkconcepts.de\/index.php?rest_route=%2Fwp%2Fv2%2Fcomments&post=229888"}],"version-history":[{"count":5,"href":"https:\/\/networkconcepts.de\/index.php?rest_route=\/wp\/v2\/pages\/229888\/revisions"}],"predecessor-version":[{"id":229996,"href":"https:\/\/networkconcepts.de\/index.php?rest_route=\/wp\/v2\/pages\/229888\/revisions\/229996"}],"wp:attachment":[{"href":"https:\/\/networkconcepts.de\/index.php?rest_route=%2Fwp%2Fv2%2Fmedia&parent=229888"}],"curies":[{"name":"wp","href":"https:\/\/api.w.org\/{rel}","templated":true}]}}