{"id":229884,"date":"2020-02-21T13:14:31","date_gmt":"2020-02-21T13:14:31","guid":{"rendered":"https:\/\/networkconcepts.de\/?page_id=229884"},"modified":"2020-02-23T17:14:59","modified_gmt":"2020-02-23T17:14:59","slug":"fuer-architekten","status":"publish","type":"page","link":"https:\/\/networkconcepts.de\/?page_id=229884","title":{"rendered":"f\u00fcr Architekten"},"content":{"rendered":"<p>[et_pb_section fb_built=&#8221;1&#8243; _builder_version=&#8221;4.3.2&#8243; use_background_color_gradient=&#8221;on&#8221; background_color_gradient_start=&#8221;#6b6b6b&#8221; background_color_gradient_end=&#8221;#ffffff&#8221; background_color_gradient_direction=&#8221;270deg&#8221; background_color_gradient_end_position=&#8221;51%&#8221; custom_padding=&#8221;||150px|||&#8221;][et_pb_row column_structure=&#8221;3_5,2_5&#8243; _builder_version=&#8221;4.3.2&#8243;][et_pb_column type=&#8221;3_5&#8243; _builder_version=&#8221;4.3.2&#8243;][et_pb_text _builder_version=&#8221;4.3.2&#8243; hover_enabled=&#8221;0&#8243;]<\/p>\n<div class=\"et_pb_column et_pb_column_4_4 et_pb_column_0  et_pb_css_mix_blend_mode_passthrough et-last-child\">\n<div class=\"et_pb_module et_pb_text et_pb_text_0  et_pb_text_align_left et_pb_bg_layout_light\">\n<div class=\"et_pb_text_inner\">\n<h2>Service f\u00fcr Architekten und Planer<\/h2>\n<div class=\"et_pb_toggle_content clearfix\" style=\"display: block;\">\n<p class=\"bodytext\"><b>Wann wir die Richtigen f\u00fcr Sie sind:<\/b><\/p>\n<ul wfd-id=\"411\">\n<li wfd-id=\"414\">Ein Bauherr m\u00f6chte Informationen und Planungshilfen zum Thema EIB\/KNX<\/li>\n<li wfd-id=\"413\">Sie betreuen ein Objekt in dem bereits EIB\/KNX installiert ist<\/li>\n<li wfd-id=\"412\">Sie ben\u00f6tigen f\u00fcr ihre Partner im Elektrohandwerk einen zuverl\u00e4ssigen Partner f\u00fcr EIB\/KNX ohne mit einem Anderen Installateur arbeiten zu m\u00fcssen<\/li>\n<\/ul>\n<p class=\"bodytext\"><b>Unser Service f\u00fcr Sie<\/b>:<\/p>\n<ul wfd-id=\"407\">\n<li wfd-id=\"410\">Ab den ersten Installationsgespr\u00e4chen k\u00f6nnen wir Sie und ihre Kunden mit Ideen und Planungshilfen unterst\u00fctzen<\/li>\n<li wfd-id=\"409\">Erstellung von Ausschreibungen und Planungen<\/li>\n<li wfd-id=\"408\">Auch f\u00fcr EIB\/KNX unerfahrene Betriebe stehen wir Ihnen von der Planung \u00fcber Installationsunterst\u00fctzung bis hin zur Inbetriebnahme zur Verf\u00fcgung.<\/li>\n<\/ul>\n<\/div>\n<\/div>\n<\/div>\n<\/div>\n<p>[\/et_pb_text][\/et_pb_column][et_pb_column type=&#8221;2_5&#8243; _builder_version=&#8221;4.3.2&#8243;][\/et_pb_column][\/et_pb_row][\/et_pb_section]<\/p>\n","protected":false},"excerpt":{"rendered":"<p>[et_pb_section fb_built=&#8221;1&#8243; _builder_version=&#8221;4.3.2&#8243; use_background_color_gradient=&#8221;on&#8221; background_color_gradient_start=&#8221;#6b6b6b&#8221; background_color_gradient_end=&#8221;#ffffff&#8221; background_color_gradient_direction=&#8221;270deg&#8221; background_color_gradient_end_position=&#8221;51%&#8221; custom_padding=&#8221;||150px|||&#8221;][et_pb_row column_structure=&#8221;3_5,2_5&#8243; _builder_version=&#8221;4.3.2&#8243;][et_pb_column type=&#8221;3_5&#8243; _builder_version=&#8221;4.3.2&#8243;][et_pb_text _builder_version=&#8221;4.3.2&#8243; hover_enabled=&#8221;0&#8243;] Service f\u00fcr Architekten und Planer Wann wir die Richtigen f\u00fcr Sie sind: Ein Bauherr m\u00f6chte Informationen und Planungshilfen zum Thema EIB\/KNX Sie betreuen ein Objekt in dem bereits EIB\/KNX installiert ist Sie ben\u00f6tigen f\u00fcr ihre Partner im Elektrohandwerk einen zuverl\u00e4ssigen [&hellip;]<\/p>\n","protected":false},"author":1,"featured_media":0,"parent":0,"menu_order":0,"comment_status":"closed","ping_status":"closed","template":"","meta":{"_et_pb_use_builder":"on","_et_pb_old_content":"","_et_gb_content_width":""},"_links":{"self":[{"href":"https:\/\/networkconcepts.de\/index.php?rest_route=\/wp\/v2\/pages\/229884"}],"collection":[{"href":"https:\/\/networkconcepts.de\/index.php?rest_route=\/wp\/v2\/pages"}],"about":[{"href":"https:\/\/networkconcepts.de\/index.php?rest_route=\/wp\/v2\/types\/page"}],"author":[{"embeddable":true,"href":"https:\/\/networkconcepts.de\/index.php?rest_route=\/wp\/v2\/users\/1"}],"replies":[{"embeddable":true,"href":"https:\/\/networkconcepts.de\/index.php?rest_route=%2Fwp%2Fv2%2Fcomments&post=229884"}],"version-history":[{"count":5,"href":"https:\/\/networkconcepts.de\/index.php?rest_route=\/wp\/v2\/pages\/229884\/revisions"}],"predecessor-version":[{"id":230000,"href":"https:\/\/networkconcepts.de\/index.php?rest_route=\/wp\/v2\/pages\/229884\/revisions\/230000"}],"wp:attachment":[{"href":"https:\/\/networkconcepts.de\/index.php?rest_route=%2Fwp%2Fv2%2Fmedia&parent=229884"}],"curies":[{"name":"wp","href":"https:\/\/api.w.org\/{rel}","templated":true}]}}