{"id":229866,"date":"2020-02-21T13:01:16","date_gmt":"2020-02-21T13:01:16","guid":{"rendered":"https:\/\/networkconcepts.de\/?page_id=229866"},"modified":"2020-02-21T13:01:16","modified_gmt":"2020-02-21T13:01:16","slug":"it-infrastruktur","status":"publish","type":"page","link":"https:\/\/networkconcepts.de\/?page_id=229866","title":{"rendered":"IT Infrastruktur"},"content":{"rendered":"<p>[et_pb_section fb_built=&#8221;1&#8243; _builder_version=&#8221;4.3.2&#8243; use_background_color_gradient=&#8221;on&#8221; background_color_gradient_start=&#8221;#6b6b6b&#8221; background_color_gradient_end=&#8221;#ffffff&#8221; background_color_gradient_direction=&#8221;270deg&#8221; background_color_gradient_end_position=&#8221;51%&#8221; custom_padding=&#8221;||368px|||&#8221;][et_pb_row column_structure=&#8221;3_5,2_5&#8243; _builder_version=&#8221;4.3.2&#8243;][et_pb_column type=&#8221;3_5&#8243; _builder_version=&#8221;4.3.2&#8243;][et_pb_text _builder_version=&#8221;4.3.2&#8243;]<\/p>\n<div class=\"et_pb_column et_pb_column_4_4 et_pb_column_0  et_pb_css_mix_blend_mode_passthrough et-last-child\">\n<div class=\"et_pb_module et_pb_text et_pb_text_0  et_pb_text_align_left et_pb_bg_layout_light\">\n<div class=\"et_pb_text_inner\">\n<h2>IT Infrastruktur<\/h2>\n<p>Software, Server, Endger\u00e4te und dergleichen m\u00fcssen nahtlos zusammenarbeiten, um eine konstante und vor allem ortsunabh\u00e4ngige Verf\u00fcgbarkeit von Daten und Informationen zu gew\u00e4hrleisten.<\/p>\n<p>Der Schutz Ihres Unternehmens vor der neuen Cyber Kriminalit\u00e4t und der Datenschutz sollten neu betrachtet werden.<\/p>\n<p>Unser Team analysiert Ihre aktuelle IT-Infrastruktur, und zeigt Potenzial zur Optimierung auf.<br \/>Gerne \u00fcbernehmen wir auch die permanente Unterst\u00fctzung Ihrer IT im Rahmen eines Wartungsvertrages (SLA \/ Service Level Argreement)<\/p>\n<\/div>\n<\/div>\n<\/div>\n<p>[\/et_pb_text][\/et_pb_column][et_pb_column type=&#8221;2_5&#8243; _builder_version=&#8221;4.3.2&#8243;][\/et_pb_column][\/et_pb_row][\/et_pb_section]<\/p>\n","protected":false},"excerpt":{"rendered":"<p>[et_pb_section fb_built=&#8221;1&#8243; _builder_version=&#8221;4.3.2&#8243; use_background_color_gradient=&#8221;on&#8221; background_color_gradient_start=&#8221;#6b6b6b&#8221; background_color_gradient_end=&#8221;#ffffff&#8221; background_color_gradient_direction=&#8221;270deg&#8221; background_color_gradient_end_position=&#8221;51%&#8221; custom_padding=&#8221;||368px|||&#8221;][et_pb_row column_structure=&#8221;3_5,2_5&#8243; _builder_version=&#8221;4.3.2&#8243;][et_pb_column type=&#8221;3_5&#8243; _builder_version=&#8221;4.3.2&#8243;][et_pb_text _builder_version=&#8221;4.3.2&#8243;] IT Infrastruktur Software, Server, Endger\u00e4te und dergleichen m\u00fcssen nahtlos zusammenarbeiten, um eine konstante und vor allem ortsunabh\u00e4ngige Verf\u00fcgbarkeit von Daten und Informationen zu gew\u00e4hrleisten. Der Schutz Ihres Unternehmens vor der neuen Cyber Kriminalit\u00e4t und der Datenschutz sollten neu betrachtet werden. Unser [&hellip;]<\/p>\n","protected":false},"author":1,"featured_media":0,"parent":0,"menu_order":0,"comment_status":"closed","ping_status":"closed","template":"","meta":{"_et_pb_use_builder":"on","_et_pb_old_content":"","_et_gb_content_width":""},"_links":{"self":[{"href":"https:\/\/networkconcepts.de\/index.php?rest_route=\/wp\/v2\/pages\/229866"}],"collection":[{"href":"https:\/\/networkconcepts.de\/index.php?rest_route=\/wp\/v2\/pages"}],"about":[{"href":"https:\/\/networkconcepts.de\/index.php?rest_route=\/wp\/v2\/types\/page"}],"author":[{"embeddable":true,"href":"https:\/\/networkconcepts.de\/index.php?rest_route=\/wp\/v2\/users\/1"}],"replies":[{"embeddable":true,"href":"https:\/\/networkconcepts.de\/index.php?rest_route=%2Fwp%2Fv2%2Fcomments&post=229866"}],"version-history":[{"count":2,"href":"https:\/\/networkconcepts.de\/index.php?rest_route=\/wp\/v2\/pages\/229866\/revisions"}],"predecessor-version":[{"id":229869,"href":"https:\/\/networkconcepts.de\/index.php?rest_route=\/wp\/v2\/pages\/229866\/revisions\/229869"}],"wp:attachment":[{"href":"https:\/\/networkconcepts.de\/index.php?rest_route=%2Fwp%2Fv2%2Fmedia&parent=229866"}],"curies":[{"name":"wp","href":"https:\/\/api.w.org\/{rel}","templated":true}]}}