{"id":229783,"date":"2020-02-17T12:53:42","date_gmt":"2020-02-17T12:53:42","guid":{"rendered":"https:\/\/networkconcepts.de\/?page_id=229783"},"modified":"2020-02-21T12:33:11","modified_gmt":"2020-02-21T12:33:11","slug":"hard-und-software","status":"publish","type":"page","link":"https:\/\/networkconcepts.de\/?page_id=229783","title":{"rendered":"Hard und Software"},"content":{"rendered":"<p>[et_pb_section fb_built=&#8221;1&#8243; _builder_version=&#8221;4.3.2&#8243; use_background_color_gradient=&#8221;on&#8221; background_color_gradient_start=&#8221;#6b6b6b&#8221; background_color_gradient_end=&#8221;#ffffff&#8221; background_color_gradient_direction=&#8221;270deg&#8221; background_color_gradient_end_position=&#8221;51%&#8221; custom_padding=&#8221;||191px|||&#8221;][et_pb_row column_structure=&#8221;3_5,2_5&#8243; _builder_version=&#8221;4.3.2&#8243;][et_pb_column type=&#8221;3_5&#8243; _builder_version=&#8221;4.3.2&#8243;][et_pb_text _builder_version=&#8221;4.3.2&#8243; header_2_text_color=&#8221;#606060&#8243;]<\/p>\n<h2>Hard- und Software<\/h2>\n<p>Wir bieten Ihnen aktuelle PCs, sowie Notebooks und Tablets zu markt\u00fcblichen Konditionen. Unsere Anspr\u00fcche sind Individuelle und ma\u00dfgeschneiderte IT-L\u00f6sungen f\u00fcr jeden Bedarf. Wir beraten jeden Kunden pers\u00f6nlich und ausf\u00fchrlich, um festzustellen, welche W\u00fcnsche und Erwartungen Sie an Ihr neues System haben.<\/p>\n<h2>Wir bieten ein breites Sortiment!<\/h2>\n<p><strong>Hardware<\/strong><br \/> PCs, Notebooks, Tablets, Bildschirme, Drucker, Netzwerkkomponenten, Tastaturen, M\u00e4use, Headsets und Kabel \/ Adapter haben wir f\u00fcr Sie vorr\u00e4tig.<\/p>\n<p><strong>Verbrauchsmaterialien<\/strong><br \/> Toner, Tinte und Rohlinge<\/p>\n<p><strong>Software<\/strong><br \/> Microsoft Produkte, Virenschutz Software und Back-Up Software<\/p>\n<p><strong>Apple<\/strong><br \/> iMac, Macbook, iPad und iPhone<\/p>\n<p>[\/et_pb_text][\/et_pb_column][et_pb_column type=&#8221;2_5&#8243; _builder_version=&#8221;4.3.2&#8243;][\/et_pb_column][\/et_pb_row][\/et_pb_section]<\/p>\n","protected":false},"excerpt":{"rendered":"<p>[et_pb_section fb_built=&#8221;1&#8243; _builder_version=&#8221;4.3.2&#8243; use_background_color_gradient=&#8221;on&#8221; background_color_gradient_start=&#8221;#6b6b6b&#8221; background_color_gradient_end=&#8221;#ffffff&#8221; background_color_gradient_direction=&#8221;270deg&#8221; background_color_gradient_end_position=&#8221;51%&#8221; custom_padding=&#8221;||191px|||&#8221;][et_pb_row column_structure=&#8221;3_5,2_5&#8243; _builder_version=&#8221;4.3.2&#8243;][et_pb_column type=&#8221;3_5&#8243; _builder_version=&#8221;4.3.2&#8243;][et_pb_text _builder_version=&#8221;4.3.2&#8243; header_2_text_color=&#8221;#606060&#8243;] Hard- und Software Wir bieten Ihnen aktuelle PCs, sowie Notebooks und Tablets zu markt\u00fcblichen Konditionen. Unsere Anspr\u00fcche sind Individuelle und ma\u00dfgeschneiderte IT-L\u00f6sungen f\u00fcr jeden Bedarf. Wir beraten jeden Kunden pers\u00f6nlich und ausf\u00fchrlich, um festzustellen, welche W\u00fcnsche und Erwartungen Sie an [&hellip;]<\/p>\n","protected":false},"author":1,"featured_media":0,"parent":0,"menu_order":0,"comment_status":"closed","ping_status":"closed","template":"","meta":{"_et_pb_use_builder":"on","_et_pb_old_content":"","_et_gb_content_width":""},"_links":{"self":[{"href":"https:\/\/networkconcepts.de\/index.php?rest_route=\/wp\/v2\/pages\/229783"}],"collection":[{"href":"https:\/\/networkconcepts.de\/index.php?rest_route=\/wp\/v2\/pages"}],"about":[{"href":"https:\/\/networkconcepts.de\/index.php?rest_route=\/wp\/v2\/types\/page"}],"author":[{"embeddable":true,"href":"https:\/\/networkconcepts.de\/index.php?rest_route=\/wp\/v2\/users\/1"}],"replies":[{"embeddable":true,"href":"https:\/\/networkconcepts.de\/index.php?rest_route=%2Fwp%2Fv2%2Fcomments&post=229783"}],"version-history":[{"count":4,"href":"https:\/\/networkconcepts.de\/index.php?rest_route=\/wp\/v2\/pages\/229783\/revisions"}],"predecessor-version":[{"id":229848,"href":"https:\/\/networkconcepts.de\/index.php?rest_route=\/wp\/v2\/pages\/229783\/revisions\/229848"}],"wp:attachment":[{"href":"https:\/\/networkconcepts.de\/index.php?rest_route=%2Fwp%2Fv2%2Fmedia&parent=229783"}],"curies":[{"name":"wp","href":"https:\/\/api.w.org\/{rel}","templated":true}]}}