{"id":229769,"date":"2020-02-17T12:29:17","date_gmt":"2020-02-17T12:29:17","guid":{"rendered":"https:\/\/networkconcepts.de\/?page_id=229769"},"modified":"2020-02-21T12:32:48","modified_gmt":"2020-02-21T12:32:48","slug":"reparaturen","status":"publish","type":"page","link":"https:\/\/networkconcepts.de\/?page_id=229769","title":{"rendered":"Reparaturen"},"content":{"rendered":"<p>[et_pb_section fb_built=&#8221;1&#8243; _builder_version=&#8221;4.3.2&#8243; use_background_color_gradient=&#8221;on&#8221; background_color_gradient_start=&#8221;#6b6b6b&#8221; background_color_gradient_end=&#8221;#ffffff&#8221; background_color_gradient_direction=&#8221;270deg&#8221; background_color_gradient_end_position=&#8221;51%&#8221; custom_padding=&#8221;||224px|||&#8221;][et_pb_row column_structure=&#8221;3_5,2_5&#8243; _builder_version=&#8221;4.3.2&#8243;][et_pb_column type=&#8221;3_5&#8243; _builder_version=&#8221;4.3.2&#8243;][et_pb_text _builder_version=&#8221;4.3.2&#8243;]<\/p>\n<div class=\"et_pb_column et_pb_column_4_4 et_pb_column_0  et_pb_css_mix_blend_mode_passthrough et-last-child\">\n<div class=\"et_pb_module et_pb_text et_pb_text_0  et_pb_text_align_left et_pb_bg_layout_light\">\n<div class=\"et_pb_text_inner\">\n<h2>Ihr Computer \/ Laptop verweigert die Mitarbeit ?<\/h2>\n<p><strong>Montagmorgen:<\/strong> Was ist mit meinem Rechner los? Letzte Woche funktionierte er noch einwandfrei und heute streikt er?<\/p>\n<p><strong>Diagnose:<\/strong> Ein klarer Fall f\u00fcr professionelle Hilfe in unserer Service Werkstatt. Sie besuchen uns mit Ihrem Rechner\/ Notebook auf der Hattinger Stra\u00dfe 31 oder wir holen Ihren PC bei Ihnen ab.<\/p>\n<p>Egal welches Problem Ihr Computer hat, bei uns ist er in guten H\u00e4nden.<br \/> Bei uns behalten Sie die Kosten immer unter Kontrolle: nach einer Vorab Diagnose beraten wir Sie, welche Reparaturoptionen f\u00fcr Ihr Ger\u00e4t sinnvoll sind. Gemeinsam k\u00f6nnen wir anschlie\u00dfend entscheiden, ob Sie in eine Reparatur investieren m\u00f6chten oder lieber ein neues Ger\u00e4t erwerben.<\/p>\n<p><strong>Wir reparieren alle Hersteller und Marken<\/strong><br \/> Alternativ k\u00f6nnen Sie auch unseren Vor-Ort-Service in Anspruch nehmen.<br \/> Dazu vereinbaren Sie unter <strong>02336-8699100<\/strong> einen Termin.<\/p>\n<\/div>\n<\/div>\n<\/div>\n<p>[\/et_pb_text][\/et_pb_column][et_pb_column type=&#8221;2_5&#8243; _builder_version=&#8221;4.3.2&#8243;][\/et_pb_column][\/et_pb_row][\/et_pb_section]<\/p>\n","protected":false},"excerpt":{"rendered":"<p>[et_pb_section fb_built=&#8221;1&#8243; _builder_version=&#8221;4.3.2&#8243; use_background_color_gradient=&#8221;on&#8221; background_color_gradient_start=&#8221;#6b6b6b&#8221; background_color_gradient_end=&#8221;#ffffff&#8221; background_color_gradient_direction=&#8221;270deg&#8221; background_color_gradient_end_position=&#8221;51%&#8221; custom_padding=&#8221;||224px|||&#8221;][et_pb_row column_structure=&#8221;3_5,2_5&#8243; _builder_version=&#8221;4.3.2&#8243;][et_pb_column type=&#8221;3_5&#8243; _builder_version=&#8221;4.3.2&#8243;][et_pb_text _builder_version=&#8221;4.3.2&#8243;] Ihr Computer \/ Laptop verweigert die Mitarbeit ? Montagmorgen: Was ist mit meinem Rechner los? Letzte Woche funktionierte er noch einwandfrei und heute streikt er? Diagnose: Ein klarer Fall f\u00fcr professionelle Hilfe in unserer Service Werkstatt. Sie besuchen uns mit Ihrem [&hellip;]<\/p>\n","protected":false},"author":1,"featured_media":0,"parent":0,"menu_order":0,"comment_status":"closed","ping_status":"closed","template":"","meta":{"_et_pb_use_builder":"on","_et_pb_old_content":"","_et_gb_content_width":""},"_links":{"self":[{"href":"https:\/\/networkconcepts.de\/index.php?rest_route=\/wp\/v2\/pages\/229769"}],"collection":[{"href":"https:\/\/networkconcepts.de\/index.php?rest_route=\/wp\/v2\/pages"}],"about":[{"href":"https:\/\/networkconcepts.de\/index.php?rest_route=\/wp\/v2\/types\/page"}],"author":[{"embeddable":true,"href":"https:\/\/networkconcepts.de\/index.php?rest_route=\/wp\/v2\/users\/1"}],"replies":[{"embeddable":true,"href":"https:\/\/networkconcepts.de\/index.php?rest_route=%2Fwp%2Fv2%2Fcomments&post=229769"}],"version-history":[{"count":7,"href":"https:\/\/networkconcepts.de\/index.php?rest_route=\/wp\/v2\/pages\/229769\/revisions"}],"predecessor-version":[{"id":229847,"href":"https:\/\/networkconcepts.de\/index.php?rest_route=\/wp\/v2\/pages\/229769\/revisions\/229847"}],"wp:attachment":[{"href":"https:\/\/networkconcepts.de\/index.php?rest_route=%2Fwp%2Fv2%2Fmedia&parent=229769"}],"curies":[{"name":"wp","href":"https:\/\/api.w.org\/{rel}","templated":true}]}}