{"id":210,"date":"2020-02-16T17:04:07","date_gmt":"2020-02-16T17:04:07","guid":{"rendered":"http:\/\/networkconcepts.de\/?page_id=210"},"modified":"2020-02-23T17:46:35","modified_gmt":"2020-02-23T17:46:35","slug":"kontakt","status":"publish","type":"page","link":"https:\/\/networkconcepts.de\/?page_id=210","title":{"rendered":"Kontakt"},"content":{"rendered":"<p>[et_pb_section fb_built=&#8221;1&#8243; custom_padding_last_edited=&#8221;off|desktop&#8221; admin_label=&#8221;Footer&#8221; _builder_version=&#8221;4.3.2&#8243; background_color=&#8221;#e09900&#8243; use_background_color_gradient=&#8221;on&#8221; background_color_gradient_start=&#8221;rgba(244,146,0,0.63)&#8221; background_color_gradient_end=&#8221;#5b290b&#8221; background_color_gradient_direction=&#8221;140deg&#8221; background_color_gradient_overlays_image=&#8221;on&#8221; background_image=&#8221;https:\/\/networkconcepts.de\/wp-content\/uploads\/2020\/02\/software-10.png&#8221; background_enable_image=&#8221;off&#8221; background_size=&#8221;contain&#8221; background_repeat=&#8221;repeat-x&#8221; custom_margin=&#8221;|||&#8221; custom_padding=&#8221;7px|0px|7px|0px|true|false&#8221; custom_padding_tablet=&#8221;10vw||10vw||true&#8221; custom_padding_phone=&#8221;5vw||5vw||true&#8221; global_module=&#8221;208&#8243; saved_tabs=&#8221;all&#8221; locked=&#8221;off&#8221;][et_pb_row column_structure=&#8221;1_2,1_2&#8243; use_custom_gutter=&#8221;on&#8221; _builder_version=&#8221;3.25&#8243; custom_padding=&#8221;|0px||||&#8221; use_custom_width=&#8221;on&#8221;][et_pb_column type=&#8221;1_2&#8243; _builder_version=&#8221;3.25&#8243; custom_padding=&#8221;|||&#8221; custom_padding__hover=&#8221;|||&#8221;][et_pb_text _builder_version=&#8221;4.3.2&#8243; text_text_color=&#8221;#000000&#8243; header_font=&#8221;Share Tech||||||||&#8221; header_text_color=&#8221;#000000&#8243; header_2_font=&#8221;Share Tech||||||||&#8221; header_2_text_color=&#8221;#000000&#8243; header_2_font_size=&#8221;30px&#8221; header_2_text_shadow_style=&#8221;preset1&#8243;]<\/p>\n<h2>Kontaktformular<\/h2>\n<p>Die Felder, die mit einem * markiert sind, m\u00fcssen ausgef\u00fcllt werden<\/p>\n<p>[\/et_pb_text][et_pb_contact_form email=&#8221;info@multimedias.de , kontakthomepage@networkconcepts.de&#8221; custom_message=&#8221;Nachricht der Homepage Network Concepts||et_pb_line_break_holder||Name: %%name%%||et_pb_line_break_holder||Email: %%email%%||et_pb_line_break_holder||Telefon: %%telefon%%||et_pb_line_break_holder||||et_pb_line_break_holder||Nachricht: ||et_pb_line_break_holder||%%Nachricht%%&#8221; success_message=&#8221;  Vielen Dank f\u00fcr Ihre Nachricht! Wir k\u00fcmmern uns umgehend darum.&#8221; submit_button_text=&#8221;Senden&#8221; module_id=&#8221;et_pb_contact_form_0&#8243; _builder_version=&#8221;4.3.2&#8243; form_field_background_color=&#8221;#ffffff&#8221; form_field_text_color=&#8221;#000000&#8243; form_field_focus_text_color=&#8221;#000000&#8243; title_level=&#8221;h6&#8243; title_font=&#8221;Share Tech||||||||&#8221; title_text_color=&#8221;#ffffff&#8221; title_font_size=&#8221;50px&#8221; title_line_height=&#8221;1.2em&#8221; captcha_text_color=&#8221;#000000&#8243; form_field_font=&#8221;Share Tech|700|||||||&#8221; form_field_letter_spacing=&#8221;2px&#8221; form_field_line_height=&#8221;1.8em&#8221; custom_button=&#8221;on&#8221; button_text_size=&#8221;20px&#8221; button_text_color=&#8221;#e09900&#8243; button_bg_color=&#8221;#ffffff&#8221; button_border_width=&#8221;2px&#8221; button_border_color=&#8221;#ffa727&#8243; button_border_radius=&#8221;100px&#8221; button_letter_spacing=&#8221;5px&#8221; button_font=&#8221;Share Tech|700||on|||||&#8221; button_use_icon=&#8221;off&#8221; text_orientation=&#8221;left&#8221; hover_enabled=&#8221;0&#8243; button_text_size_last_edited=&#8221;off|desktop&#8221; border_width_bottom=&#8221;2px&#8221; border_color_bottom=&#8221;#ffffff&#8221; box_shadow_style_button=&#8221;preset1&#8243; form_background_color=&#8221;rgba(0,0,0,0)&#8221; button_bg_color_hover=&#8221;#ff8a3d&#8221; button_border_color_hover=&#8221;#ff8a3d&#8221; button_border_radius_hover=&#8221;100px&#8221; button_letter_spacing_hover=&#8221;5px&#8221; captcha_font_size=&#8221;24px&#8221; captcha_font=&#8221;|600|||||||&#8221;][et_pb_contact_field field_id=&#8221;Name&#8221; field_title=&#8221;Name:*&#8221; fullwidth_field=&#8221;on&#8221; _builder_version=&#8221;4.3.2&#8243; button_text_size__hover_enabled=&#8221;off&#8221; button_one_text_size__hover_enabled=&#8221;off&#8221; button_two_text_size__hover_enabled=&#8221;off&#8221; button_text_color__hover_enabled=&#8221;off&#8221; button_one_text_color__hover_enabled=&#8221;off&#8221; button_two_text_color__hover_enabled=&#8221;off&#8221; button_border_width__hover_enabled=&#8221;off&#8221; button_one_border_width__hover_enabled=&#8221;off&#8221; button_two_border_width__hover_enabled=&#8221;off&#8221; button_border_color__hover_enabled=&#8221;off&#8221; button_one_border_color__hover_enabled=&#8221;off&#8221; button_two_border_color__hover_enabled=&#8221;off&#8221; button_border_radius__hover_enabled=&#8221;off&#8221; button_one_border_radius__hover_enabled=&#8221;off&#8221; button_two_border_radius__hover_enabled=&#8221;off&#8221; button_letter_spacing__hover_enabled=&#8221;off&#8221; button_one_letter_spacing__hover_enabled=&#8221;off&#8221; button_two_letter_spacing__hover_enabled=&#8221;off&#8221; button_bg_color__hover_enabled=&#8221;off&#8221; button_one_bg_color__hover_enabled=&#8221;off&#8221; button_two_bg_color__hover_enabled=&#8221;off&#8221;][\/et_pb_contact_field][et_pb_contact_field field_id=&#8221;Email&#8221; field_title=&#8221;Email:*&#8221; field_type=&#8221;email&#8221; fullwidth_field=&#8221;on&#8221; _builder_version=&#8221;4.3.2&#8243; button_text_size__hover_enabled=&#8221;off&#8221; button_one_text_size__hover_enabled=&#8221;off&#8221; button_two_text_size__hover_enabled=&#8221;off&#8221; button_text_color__hover_enabled=&#8221;off&#8221; button_one_text_color__hover_enabled=&#8221;off&#8221; button_two_text_color__hover_enabled=&#8221;off&#8221; button_border_width__hover_enabled=&#8221;off&#8221; button_one_border_width__hover_enabled=&#8221;off&#8221; button_two_border_width__hover_enabled=&#8221;off&#8221; button_border_color__hover_enabled=&#8221;off&#8221; button_one_border_color__hover_enabled=&#8221;off&#8221; button_two_border_color__hover_enabled=&#8221;off&#8221; button_border_radius__hover_enabled=&#8221;off&#8221; button_one_border_radius__hover_enabled=&#8221;off&#8221; button_two_border_radius__hover_enabled=&#8221;off&#8221; button_letter_spacing__hover_enabled=&#8221;off&#8221; button_one_letter_spacing__hover_enabled=&#8221;off&#8221; button_two_letter_spacing__hover_enabled=&#8221;off&#8221; button_bg_color__hover_enabled=&#8221;off&#8221; button_one_bg_color__hover_enabled=&#8221;off&#8221; button_two_bg_color__hover_enabled=&#8221;off&#8221;][\/et_pb_contact_field][et_pb_contact_field field_id=&#8221;Telefon&#8221; field_title=&#8221;Telefon:*&#8221; fullwidth_field=&#8221;on&#8221; _builder_version=&#8221;4.3.2&#8243; button_text_size__hover_enabled=&#8221;off&#8221; button_one_text_size__hover_enabled=&#8221;off&#8221; button_two_text_size__hover_enabled=&#8221;off&#8221; button_text_color__hover_enabled=&#8221;off&#8221; button_one_text_color__hover_enabled=&#8221;off&#8221; button_two_text_color__hover_enabled=&#8221;off&#8221; button_border_width__hover_enabled=&#8221;off&#8221; button_one_border_width__hover_enabled=&#8221;off&#8221; button_two_border_width__hover_enabled=&#8221;off&#8221; button_border_color__hover_enabled=&#8221;off&#8221; button_one_border_color__hover_enabled=&#8221;off&#8221; button_two_border_color__hover_enabled=&#8221;off&#8221; button_border_radius__hover_enabled=&#8221;off&#8221; button_one_border_radius__hover_enabled=&#8221;off&#8221; button_two_border_radius__hover_enabled=&#8221;off&#8221; button_letter_spacing__hover_enabled=&#8221;off&#8221; button_one_letter_spacing__hover_enabled=&#8221;off&#8221; button_two_letter_spacing__hover_enabled=&#8221;off&#8221; button_bg_color__hover_enabled=&#8221;off&#8221; button_one_bg_color__hover_enabled=&#8221;off&#8221; button_two_bg_color__hover_enabled=&#8221;off&#8221;][\/et_pb_contact_field][et_pb_contact_field field_id=&#8221;Nachricht&#8221; field_title=&#8221;Ihre Nachricht:*&#8221; field_type=&#8221;text&#8221; fullwidth_field=&#8221;on&#8221; _builder_version=&#8221;4.0.6&#8243; button_text_size__hover_enabled=&#8221;off&#8221; button_one_text_size__hover_enabled=&#8221;off&#8221; button_two_text_size__hover_enabled=&#8221;off&#8221; button_text_color__hover_enabled=&#8221;off&#8221; button_one_text_color__hover_enabled=&#8221;off&#8221; button_two_text_color__hover_enabled=&#8221;off&#8221; button_border_width__hover_enabled=&#8221;off&#8221; button_one_border_width__hover_enabled=&#8221;off&#8221; button_two_border_width__hover_enabled=&#8221;off&#8221; button_border_color__hover_enabled=&#8221;off&#8221; button_one_border_color__hover_enabled=&#8221;off&#8221; button_two_border_color__hover_enabled=&#8221;off&#8221; button_border_radius__hover_enabled=&#8221;off&#8221; button_one_border_radius__hover_enabled=&#8221;off&#8221; button_two_border_radius__hover_enabled=&#8221;off&#8221; button_letter_spacing__hover_enabled=&#8221;off&#8221; button_one_letter_spacing__hover_enabled=&#8221;off&#8221; button_two_letter_spacing__hover_enabled=&#8221;off&#8221; button_bg_color__hover_enabled=&#8221;off&#8221; button_one_bg_color__hover_enabled=&#8221;off&#8221; button_two_bg_color__hover_enabled=&#8221;off&#8221;][\/et_pb_contact_field][et_pb_contact_field field_id=&#8221;Datenschutz&#8221; field_title=&#8221; Datenschutz&#8221; field_type=&#8221;checkbox&#8221; checkbox_options=&#8221;%91{%22value%22:%22* Ich habe die Datenschutzerkl\u00e4rung zur Kenntnis genommen. Ich stimme zu, dass meine Angaben zur Kontaktaufnahme und f\u00fcr R\u00fcckfragen dauerhaft gespeichert werden.%22,%22checked%22:0,%22dragID%22:-1}%93&#8243; fullwidth_field=&#8221;on&#8221; _builder_version=&#8221;4.3.2&#8243; text_orientation=&#8221;left&#8221;][\/et_pb_contact_field][\/et_pb_contact_form][\/et_pb_column][et_pb_column type=&#8221;1_2&#8243; _builder_version=&#8221;3.25&#8243; custom_padding=&#8221;120px|||&#8221; custom_padding_tablet=&#8221;0px|||&#8221; custom_padding_phone=&#8221;&#8221; custom_padding_last_edited=&#8221;on|tablet&#8221; padding_tablet=&#8221;0px|||&#8221; padding_last_edited=&#8221;on|tablet&#8221; custom_padding__hover=&#8221;|||&#8221;][et_pb_blurb title=&#8221;Network Concepts GmbH &#038; Co. KG&#8221; use_icon=&#8221;on&#8221; font_icon=&#8221;%%249%%&#8221; icon_color=&#8221;#ffffff&#8221; use_circle=&#8221;on&#8221; circle_color=&#8221;#e09900&#8243; use_circle_border=&#8221;on&#8221; circle_border_color=&#8221;#ffffff&#8221; icon_placement=&#8221;left&#8221; content_max_width=&#8221;1100px&#8221; use_icon_font_size=&#8221;on&#8221; icon_font_size=&#8221;30px&#8221; _builder_version=&#8221;4.3.2&#8243; header_font=&#8221;Share Tech||||||||&#8221; header_text_color=&#8221;#000000&#8243; header_font_size=&#8221;30px&#8221; header_line_height=&#8221;1.2em&#8221; body_font=&#8221;Open Sans||||||||&#8221; body_text_color=&#8221;#000000&#8243; body_font_size=&#8221;16px&#8221; body_line_height=&#8221;1.8em&#8221; custom_padding=&#8221;|0px||||&#8221; animation_style=&#8221;fold&#8221; animation_delay=&#8221;150ms&#8221; animation=&#8221;off&#8221; header_text_shadow_style=&#8221;preset1&#8243; locked=&#8221;off&#8221;]<\/p>\n<p>W\u00f6rther Str. 7<br \/> 58332 Schwelm<\/p>\n<p>[\/et_pb_blurb][et_pb_blurb title=&#8221;Rufen Sie uns an.&#8221; use_icon=&#8221;on&#8221; font_icon=&#8221;%%264%%&#8221; icon_color=&#8221;#ffffff&#8221; use_circle=&#8221;on&#8221; circle_color=&#8221;#e09900&#8243; use_circle_border=&#8221;on&#8221; circle_border_color=&#8221;#ffffff&#8221; icon_placement=&#8221;left&#8221; content_max_width=&#8221;1100px&#8221; use_icon_font_size=&#8221;on&#8221; icon_font_size=&#8221;30px&#8221; _builder_version=&#8221;4.3.2&#8243; header_font=&#8221;Share Tech||||||||&#8221; header_text_color=&#8221;#000000&#8243; header_font_size=&#8221;24px&#8221; header_line_height=&#8221;1.2em&#8221; body_font=&#8221;Open Sans||||||||&#8221; body_text_color=&#8221;#000000&#8243; body_font_size=&#8221;16px&#8221; body_line_height=&#8221;1.8em&#8221; custom_padding=&#8221;|||&#8221; animation_style=&#8221;fold&#8221; animation_delay=&#8221;150ms&#8221; animation=&#8221;off&#8221; header_text_shadow_style=&#8221;preset1&#8243; locked=&#8221;off&#8221;]<\/p>\n<p>02336 8699100<\/p>\n<p>[\/et_pb_blurb][\/et_pb_column][\/et_pb_row][\/et_pb_section]<\/p>\n","protected":false},"excerpt":{"rendered":"<p>[et_pb_section fb_built=&#8221;1&#8243; custom_padding_last_edited=&#8221;off|desktop&#8221; admin_label=&#8221;Footer&#8221; _builder_version=&#8221;4.3.2&#8243; background_color=&#8221;#e09900&#8243; use_background_color_gradient=&#8221;on&#8221; background_color_gradient_start=&#8221;rgba(244,146,0,0.63)&#8221; background_color_gradient_end=&#8221;#5b290b&#8221; background_color_gradient_direction=&#8221;140deg&#8221; background_color_gradient_overlays_image=&#8221;on&#8221; background_image=&#8221;https:\/\/networkconcepts.de\/wp-content\/uploads\/2020\/02\/software-10.png&#8221; background_enable_image=&#8221;off&#8221; background_size=&#8221;contain&#8221; background_repeat=&#8221;repeat-x&#8221; custom_margin=&#8221;|||&#8221; custom_padding=&#8221;7px|0px|7px|0px|true|false&#8221; custom_padding_tablet=&#8221;10vw||10vw||true&#8221; custom_padding_phone=&#8221;5vw||5vw||true&#8221; global_module=&#8221;208&#8243; saved_tabs=&#8221;all&#8221; locked=&#8221;off&#8221;][et_pb_row column_structure=&#8221;1_2,1_2&#8243; use_custom_gutter=&#8221;on&#8221; _builder_version=&#8221;3.25&#8243; custom_padding=&#8221;|0px||||&#8221; use_custom_width=&#8221;on&#8221;][et_pb_column type=&#8221;1_2&#8243; _builder_version=&#8221;3.25&#8243; custom_padding=&#8221;|||&#8221; custom_padding__hover=&#8221;|||&#8221;][et_pb_text _builder_version=&#8221;4.3.2&#8243; text_text_color=&#8221;#000000&#8243; header_font=&#8221;Share Tech||||||||&#8221; header_text_color=&#8221;#000000&#8243; header_2_font=&#8221;Share Tech||||||||&#8221; header_2_text_color=&#8221;#000000&#8243; header_2_font_size=&#8221;30px&#8221; header_2_text_shadow_style=&#8221;preset1&#8243;] Kontaktformular Die Felder, die mit einem * markiert sind, m\u00fcssen ausgef\u00fcllt werden [\/et_pb_text][et_pb_contact_form email=&#8221;info@multimedias.de [&hellip;]<\/p>\n","protected":false},"author":1,"featured_media":0,"parent":0,"menu_order":0,"comment_status":"closed","ping_status":"closed","template":"","meta":{"_et_pb_use_builder":"on","_et_pb_old_content":"","_et_gb_content_width":""},"_links":{"self":[{"href":"https:\/\/networkconcepts.de\/index.php?rest_route=\/wp\/v2\/pages\/210"}],"collection":[{"href":"https:\/\/networkconcepts.de\/index.php?rest_route=\/wp\/v2\/pages"}],"about":[{"href":"https:\/\/networkconcepts.de\/index.php?rest_route=\/wp\/v2\/types\/page"}],"author":[{"embeddable":true,"href":"https:\/\/networkconcepts.de\/index.php?rest_route=\/wp\/v2\/users\/1"}],"replies":[{"embeddable":true,"href":"https:\/\/networkconcepts.de\/index.php?rest_route=%2Fwp%2Fv2%2Fcomments&post=210"}],"version-history":[{"count":7,"href":"https:\/\/networkconcepts.de\/index.php?rest_route=\/wp\/v2\/pages\/210\/revisions"}],"predecessor-version":[{"id":230015,"href":"https:\/\/networkconcepts.de\/index.php?rest_route=\/wp\/v2\/pages\/210\/revisions\/230015"}],"wp:attachment":[{"href":"https:\/\/networkconcepts.de\/index.php?rest_route=%2Fwp%2Fv2%2Fmedia&parent=210"}],"curies":[{"name":"wp","href":"https:\/\/api.w.org\/{rel}","templated":true}]}}